{"id":106,"date":"2015-11-30T14:38:19","date_gmt":"2015-11-30T13:38:19","guid":{"rendered":"http:\/\/www.adsservicesmerkatic.com\/?page_id=106"},"modified":"2015-12-23T19:19:57","modified_gmt":"2015-12-23T18:19:57","slug":"notre-valeur-ajoutee","status":"publish","type":"page","link":"https:\/\/www.adsservicesmerkatic.com\/index.php\/notre-valeur-ajoutee\/","title":{"rendered":"NOTRE VALEUR AJOUT\u00c9E"},"content":{"rendered":"<p>Elle r\u00e9side:<\/p>\n<ul>\n<li style=\"text-align: justify;\">Sur le choix de notre ressource humaine qui est bas\u00e9 sur un bon niveau d\u2019\u00e9tudes, une exp\u00e9rience minimum de 3 ans dans le secteur et diff\u00e9rents autres crit\u00e8res sur le profil et sur la personnalit\u00e9,<\/li>\n<li style=\"text-align: justify;\">Sur notre exp\u00e9rience de plus de 10 ans dans la r\u00e9alisation des terrains, des focus groupe, des tests produits, pour les grandes entreprises d\u2019\u00e9tudes de march\u00e9 et de sondage,<\/li>\n<li style=\"text-align: justify;\">Sur la jeunesse et le professionnalisme, sur la rapidit\u00e9 et l&rsquo;efficacit\u00e9 d&rsquo;intervention de nos \u00e9quipes,<\/li>\n<li style=\"text-align: justify;\">Sur notre capacit\u00e9 \u00e0 travailler avec tous les supports de collecte comme le PAPI, le CAPI, le t\u00e9l\u00e9phone, l\u2019ordinateur, etc.<\/li>\n<li style=\"text-align: justify;\">Sur notre parfait respect du Code de Conduite de l\u2019ESOMAR, et sur notre politique de confidentialit\u00e9 pour la s\u00e9curit\u00e9 des services que nous offrons \u00e0 nos clients.<\/li>\n<li style=\"text-align: justify;\">Sur notre parfaite collaboration avec de grandes soci\u00e9t\u00e9s d\u2019\u00e9tudes de march\u00e9s qui nous font confiance pour la r\u00e9alisation de leur projet depuis 3 ans.<\/li>\n<\/ul>\n<p><\/p>","protected":false},"excerpt":{"rendered":"<p>Elle r\u00e9side: Sur le choix de notre ressource humaine qui est bas\u00e9 sur un bon niveau d\u2019\u00e9tudes, une exp\u00e9rience minimum de 3 ans dans le secteur et diff\u00e9rents autres crit\u00e8res sur le profil et sur la personnalit\u00e9, Sur notre exp\u00e9rience de plus de 10 ans dans la r\u00e9alisation des terrains, des focus groupe, des tests [&hellip;]<\/p>\n","protected":false},"author":1,"featured_media":0,"parent":0,"menu_order":3,"comment_status":"closed","ping_status":"closed","template":"","meta":[],"_links":{"self":[{"href":"https:\/\/www.adsservicesmerkatic.com\/index.php\/wp-json\/wp\/v2\/pages\/106"}],"collection":[{"href":"https:\/\/www.adsservicesmerkatic.com\/index.php\/wp-json\/wp\/v2\/pages"}],"about":[{"href":"https:\/\/www.adsservicesmerkatic.com\/index.php\/wp-json\/wp\/v2\/types\/page"}],"author":[{"embeddable":true,"href":"https:\/\/www.adsservicesmerkatic.com\/index.php\/wp-json\/wp\/v2\/users\/1"}],"replies":[{"embeddable":true,"href":"https:\/\/www.adsservicesmerkatic.com\/index.php\/wp-json\/wp\/v2\/comments?post=106"}],"version-history":[{"count":6,"href":"https:\/\/www.adsservicesmerkatic.com\/index.php\/wp-json\/wp\/v2\/pages\/106\/revisions"}],"predecessor-version":[{"id":609,"href":"https:\/\/www.adsservicesmerkatic.com\/index.php\/wp-json\/wp\/v2\/pages\/106\/revisions\/609"}],"wp:attachment":[{"href":"https:\/\/www.adsservicesmerkatic.com\/index.php\/wp-json\/wp\/v2\/media?parent=106"}],"curies":[{"name":"wp","href":"https:\/\/api.w.org\/{rel}","templated":true}]}}