{"id":112,"date":"2015-11-30T14:50:57","date_gmt":"2015-11-30T13:50:57","guid":{"rendered":"http:\/\/www.adsservicesmerkatic.com\/?page_id=112"},"modified":"2015-12-14T15:02:14","modified_gmt":"2015-12-14T14:02:14","slug":"ce-que-nous-vous-promettons","status":"publish","type":"page","link":"https:\/\/www.adsservicesmerkatic.com\/index.php\/notre-valeur-ajoutee\/ce-que-nous-vous-promettons\/","title":{"rendered":"CE QUE NOUS VOUS PROMETTONS"},"content":{"rendered":"<p><img loading=\"lazy\" class=\"aligncenter wp-image-193 size-full\" src=\"https:\/\/www.adsservicesmerkatic.com\/wp-content\/uploads\/2015\/11\/promettons.png\" alt=\"promettons\" width=\"679\" height=\"93\" srcset=\"https:\/\/www.adsservicesmerkatic.com\/wp-content\/uploads\/2015\/11\/promettons.png 679w, https:\/\/www.adsservicesmerkatic.com\/wp-content\/uploads\/2015\/11\/promettons-300x41.png 300w\" sizes=\"(max-width: 679px) 100vw, 679px\" \/><\/p>\n<ul>\n<li style=\"text-align: justify;\"><em>Vous profiterez des services de qualit\u00e9 d\u2019une \u00e9quipe exp\u00e9riment\u00e9e, qui a l\u2019habitude de travailler pour de grandes entreprises de recherches.<\/em><\/li>\n<li>\n<p style=\"text-align: justify;\"><em>Notre exp\u00e9rience nous permet de d\u00e9tecter les points forts\/ points sensibles provenant de simples donn\u00e9es. Nous aidons \u00e9galement dans la formulation des strat\u00e9gies et nous sommes capables d\u2019\u00e9valuer par des \u00e9tudes annuelles\/semestrielles<\/em><\/p>\n<\/li>\n<\/ul>\n<p>&nbsp;<\/p>\n<p style=\"text-align: justify;\">Quels que soient vos besoins, vous b\u00e9n\u00e9ficierez de notre longue exp\u00e9rience dans la r\u00e9alisation terrain et l&rsquo;analyse des tendances du march\u00e9 &#8230;<br \/>\nNous sommes aussi capable de concevoir sur mesure des \u00e9tudes et recherches pour r\u00e9pondre \u00e0 vos questions<\/p>\n<p><\/p>","protected":false},"excerpt":{"rendered":"<p>Vous profiterez des services de qualit\u00e9 d\u2019une \u00e9quipe exp\u00e9riment\u00e9e, qui a l\u2019habitude de travailler pour de grandes entreprises de recherches. Notre exp\u00e9rience nous permet de d\u00e9tecter les points forts\/ points sensibles provenant de simples donn\u00e9es. Nous aidons \u00e9galement dans la formulation des strat\u00e9gies et nous sommes capables d\u2019\u00e9valuer par des \u00e9tudes annuelles\/semestrielles &nbsp; Quels que [&hellip;]<\/p>\n","protected":false},"author":1,"featured_media":0,"parent":106,"menu_order":2,"comment_status":"closed","ping_status":"closed","template":"","meta":[],"_links":{"self":[{"href":"https:\/\/www.adsservicesmerkatic.com\/index.php\/wp-json\/wp\/v2\/pages\/112"}],"collection":[{"href":"https:\/\/www.adsservicesmerkatic.com\/index.php\/wp-json\/wp\/v2\/pages"}],"about":[{"href":"https:\/\/www.adsservicesmerkatic.com\/index.php\/wp-json\/wp\/v2\/types\/page"}],"author":[{"embeddable":true,"href":"https:\/\/www.adsservicesmerkatic.com\/index.php\/wp-json\/wp\/v2\/users\/1"}],"replies":[{"embeddable":true,"href":"https:\/\/www.adsservicesmerkatic.com\/index.php\/wp-json\/wp\/v2\/comments?post=112"}],"version-history":[{"count":11,"href":"https:\/\/www.adsservicesmerkatic.com\/index.php\/wp-json\/wp\/v2\/pages\/112\/revisions"}],"predecessor-version":[{"id":533,"href":"https:\/\/www.adsservicesmerkatic.com\/index.php\/wp-json\/wp\/v2\/pages\/112\/revisions\/533"}],"up":[{"embeddable":true,"href":"https:\/\/www.adsservicesmerkatic.com\/index.php\/wp-json\/wp\/v2\/pages\/106"}],"wp:attachment":[{"href":"https:\/\/www.adsservicesmerkatic.com\/index.php\/wp-json\/wp\/v2\/media?parent=112"}],"curies":[{"name":"wp","href":"https:\/\/api.w.org\/{rel}","templated":true}]}}