{"id":2780,"date":"2024-08-10T22:43:45","date_gmt":"2024-08-10T21:43:45","guid":{"rendered":"https:\/\/www.adsservicesmerkatic.com\/?page_id=2780"},"modified":"2024-08-10T23:08:32","modified_gmt":"2024-08-10T22:08:32","slug":"webmaster","status":"publish","type":"page","link":"https:\/\/www.adsservicesmerkatic.com\/index.php\/webmaster\/","title":{"rendered":"webmaster"},"content":{"rendered":"\t\t<div data-elementor-type=\"wp-page\" data-elementor-id=\"2780\" class=\"elementor elementor-2780\" data-elementor-settings=\"[]\">\n\t\t\t\t\t\t<div class=\"elementor-inner\">\n\t\t\t\t\t\t\t<div class=\"elementor-section-wrap\">\n\t\t\t\t\t\t\t<section class=\"elementor-section elementor-top-section elementor-element elementor-element-e69afd6 elementor-section-boxed elementor-section-height-default elementor-section-height-default\" data-id=\"e69afd6\" data-element_type=\"section\">\n\t\t\t\t\t\t<div class=\"elementor-container elementor-column-gap-default\">\n\t\t\t\t\t\t\t<div class=\"elementor-row\">\n\t\t\t\t\t<div class=\"elementor-column elementor-col-50 elementor-top-column elementor-element elementor-element-3c6cab0\" data-id=\"3c6cab0\" data-element_type=\"column\" data-settings=\"{&quot;background_background&quot;:&quot;classic&quot;}\">\n\t\t\t<div class=\"elementor-column-wrap elementor-element-populated\">\n\t\t\t\t\t\t\t<div class=\"elementor-widget-wrap\">\n\t\t\t\t\t\t\t\t<\/div>\n\t\t\t\t\t<\/div>\n\t\t<\/div>\n\t\t\t\t<div class=\"elementor-column elementor-col-50 elementor-top-column elementor-element elementor-element-cbb1542\" data-id=\"cbb1542\" data-element_type=\"column\">\n\t\t\t<div class=\"elementor-column-wrap elementor-element-populated\">\n\t\t\t\t\t\t\t<div class=\"elementor-widget-wrap\">\n\t\t\t\t\t\t<div class=\"elementor-element elementor-element-db74a95 elementor-widget elementor-widget-heading\" data-id=\"db74a95\" data-element_type=\"widget\" data-widget_type=\"heading.default\">\n\t\t\t\t<div class=\"elementor-widget-container\">\n\t\t\t<h2 class=\"elementor-heading-title elementor-size-default\">Ibrahima Telly Diallo\n<\/h2>\t\t<\/div>\n\t\t\t\t<\/div>\n\t\t\t\t<div class=\"elementor-element elementor-element-b551317 elementor-widget elementor-widget-text-editor\" data-id=\"b551317\" data-element_type=\"widget\" data-widget_type=\"text-editor.default\">\n\t\t\t\t<div class=\"elementor-widget-container\">\n\t\t\t\t\t\t\t\t<div class=\"elementor-text-editor elementor-clearfix\">\n\t\t\t\t<span style=\"color: #0005;\">Responsable du service informatique avec une solide exp\u00e9rience dans l&rsquo;analyse de donn\u00e9es et la gestion des infrastructures technologiques. Ayant r\u00e9cemment occup\u00e9 le poste de Senior Data Analyst, je poss\u00e8de une expertise approfondie en exploitation de donn\u00e9es pour guider des d\u00e9cisions strat\u00e9giques, ainsi qu&rsquo;une capacit\u00e9 prouv\u00e9e \u00e0 diriger des \u00e9quipes techniques dans le d\u00e9veloppement et l&rsquo;optimisation des syst\u00e8mes d&rsquo;information. Ma double comp\u00e9tence en gestion des donn\u00e9es et en administration IT me permet de comprendre et d&rsquo;int\u00e9grer efficacement les besoins m\u00e9tier dans les solutions technologiques, tout en assurant la s\u00e9curit\u00e9 et la performance des infrastructures. Mon leadership est ax\u00e9 sur l&rsquo;innovation, l&rsquo;am\u00e9lioration continue et l&rsquo;alignement des initiatives IT avec les objectifs commerciaux<\/span>\t\t\t\t\t<\/div>\n\t\t\t\t\t\t<\/div>\n\t\t\t\t<\/div>\n\t\t\t\t<div class=\"elementor-element elementor-element-3be565c elementor-widget-divider--view-line_icon elementor-view-default elementor-widget-divider--element-align-center elementor-widget elementor-widget-divider\" data-id=\"3be565c\" data-element_type=\"widget\" data-widget_type=\"divider.default\">\n\t\t\t\t<div class=\"elementor-widget-container\">\n\t\t\t\t\t<div class=\"elementor-divider\">\n\t\t\t<span class=\"elementor-divider-separator\">\n\t\t\t\t\t\t\t<div class=\"elementor-icon elementor-divider__element\">\n\t\t\t\t\t<i aria-hidden=\"true\" class=\"fas fa-star\"><\/i><\/div>\n\t\t\t\t\t\t<\/span>\n\t\t<\/div>\n\t\t\t\t<\/div>\n\t\t\t\t<\/div>\n\t\t\t\t<div class=\"elementor-element elementor-element-a3a2681 elementor-button-danger elementor-align-justify elementor-widget elementor-widget-button\" data-id=\"a3a2681\" data-element_type=\"widget\" data-widget_type=\"button.default\">\n\t\t\t\t<div class=\"elementor-widget-container\">\n\t\t\t\t\t<div class=\"elementor-button-wrapper\">\n\t\t\t<a class=\"elementor-button elementor-size-sm\" role=\"button\">\n\t\t\t\t\t\t<span class=\"elementor-button-content-wrapper\">\n\t\t\t\t\t\t<span class=\"elementor-button-icon elementor-align-icon-right\">\n\t\t\t\t<i aria-hidden=\"true\" class=\"far fa-file-pdf\"><\/i>\t\t\t<\/span>\n\t\t\t\t\t\t<span class=\"elementor-button-text\">TELECHARGEZ CV <\/span>\n\t\t<\/span>\n\t\t\t\t\t<\/a>\n\t\t<\/div>\n\t\t\t\t<\/div>\n\t\t\t\t<\/div>\n\t\t\t\t\t\t<\/div>\n\t\t\t\t\t<\/div>\n\t\t<\/div>\n\t\t\t\t\t\t\t\t<\/div>\n\t\t\t\t\t<\/div>\n\t\t<\/section>\n\t\t\t\t\t\t<\/div>\n\t\t\t\t\t\t<\/div>\n\t\t\t\t\t<\/div>\n\t\t","protected":false},"excerpt":{"rendered":"<p>Ibrahima Telly Diallo Responsable du service informatique avec une solide exp\u00e9rience dans l&rsquo;analyse de donn\u00e9es et la gestion des infrastructures technologiques. Ayant r\u00e9cemment occup\u00e9 le poste de Senior Data Analyst, je poss\u00e8de une expertise approfondie en exploitation de donn\u00e9es pour guider des d\u00e9cisions strat\u00e9giques, ainsi qu&rsquo;une capacit\u00e9 prouv\u00e9e \u00e0 diriger des \u00e9quipes techniques dans le [&hellip;]<\/p>\n","protected":false},"author":1,"featured_media":0,"parent":0,"menu_order":0,"comment_status":"closed","ping_status":"closed","template":"","meta":[],"_links":{"self":[{"href":"https:\/\/www.adsservicesmerkatic.com\/index.php\/wp-json\/wp\/v2\/pages\/2780"}],"collection":[{"href":"https:\/\/www.adsservicesmerkatic.com\/index.php\/wp-json\/wp\/v2\/pages"}],"about":[{"href":"https:\/\/www.adsservicesmerkatic.com\/index.php\/wp-json\/wp\/v2\/types\/page"}],"author":[{"embeddable":true,"href":"https:\/\/www.adsservicesmerkatic.com\/index.php\/wp-json\/wp\/v2\/users\/1"}],"replies":[{"embeddable":true,"href":"https:\/\/www.adsservicesmerkatic.com\/index.php\/wp-json\/wp\/v2\/comments?post=2780"}],"version-history":[{"count":12,"href":"https:\/\/www.adsservicesmerkatic.com\/index.php\/wp-json\/wp\/v2\/pages\/2780\/revisions"}],"predecessor-version":[{"id":2799,"href":"https:\/\/www.adsservicesmerkatic.com\/index.php\/wp-json\/wp\/v2\/pages\/2780\/revisions\/2799"}],"wp:attachment":[{"href":"https:\/\/www.adsservicesmerkatic.com\/index.php\/wp-json\/wp\/v2\/media?parent=2780"}],"curies":[{"name":"wp","href":"https:\/\/api.w.org\/{rel}","templated":true}]}}