{"id":79,"date":"2015-11-30T13:13:32","date_gmt":"2015-11-30T12:13:32","guid":{"rendered":"http:\/\/www.adsservicesmerkatic.com\/?page_id=79"},"modified":"2015-12-14T14:27:46","modified_gmt":"2015-12-14T13:27:46","slug":"qualite-terrain","status":"publish","type":"page","link":"https:\/\/www.adsservicesmerkatic.com\/index.php\/notre-mission\/enquetes-quantitatives\/qualite-terrain\/","title":{"rendered":"QUALIT\u00c9 TERRAIN"},"content":{"rendered":"<p><\/p>\n<h3 style=\"text-align: justify;\"><span style=\"color: #3366ff;\"><strong><span style=\"color: #008000;\">PRE :<\/span><\/strong><b><br \/>\n<\/b><\/span><\/h3>\n<ul style=\"text-align: justify;\">\n<li>La formation compl\u00e8te des enqu\u00eateurs et superviseurs,<\/li>\n<li>Notes d\u2019information compl\u00e8tes,<\/li>\n<li>Pilotes<\/li>\n<li>Terrain sous la supervision du Project Manager,<\/li>\n<\/ul>\n<h3 style=\"text-align: justify;\"><span style=\"color: #3366ff;\"><b>TERRAIN ACTUEL :<br \/>\n<\/b><\/span><\/h3>\n<ul style=\"text-align: justify;\">\n<li>Rep\u00e9rage des Enqu\u00eateurs sur le terrain pour le contr\u00f4le,<\/li>\n<li>Accompagnement des Enqu\u00eateurs pendant les interviews par les Superviseurs,<\/li>\n<li>Back checking de 60% des interviews r\u00e9alis\u00e9es,<\/li>\n<li>Contre enqu\u00eates pour v\u00e9rifier la qualit\u00e9 des interviews r\u00e9alis\u00e9es,<\/li>\n<li>D\u00e9briefing apr\u00e8s chaque journ\u00e9e de travail sur le terrain<\/li>\n<\/ul>\n<h3 style=\"text-align: justify;\"><span style=\"color: #008000;\"><b>POST :<br \/>\n<\/b><\/span><\/h3>\n<ul>\n<li style=\"text-align: justify;\">Call back<\/li>\n<li style=\"text-align: justify;\">100% editing des questionnaires<\/li>\n<li style=\"text-align: justify;\">Validation interne des donn\u00e9es,<\/li>\n<li style=\"text-align: justify;\">Rapport terrain<\/li>\n<\/ul>\n<p><\/p>","protected":false},"excerpt":{"rendered":"<p>PRE : La formation compl\u00e8te des enqu\u00eateurs et superviseurs, Notes d\u2019information compl\u00e8tes, Pilotes Terrain sous la supervision du Project Manager, TERRAIN ACTUEL : Rep\u00e9rage des Enqu\u00eateurs sur le terrain pour le contr\u00f4le, Accompagnement des Enqu\u00eateurs pendant les interviews par les Superviseurs, Back checking de 60% des interviews r\u00e9alis\u00e9es, Contre enqu\u00eates pour v\u00e9rifier la qualit\u00e9 des [&hellip;]<\/p>\n","protected":false},"author":1,"featured_media":0,"parent":75,"menu_order":1,"comment_status":"closed","ping_status":"closed","template":"","meta":[],"_links":{"self":[{"href":"https:\/\/www.adsservicesmerkatic.com\/index.php\/wp-json\/wp\/v2\/pages\/79"}],"collection":[{"href":"https:\/\/www.adsservicesmerkatic.com\/index.php\/wp-json\/wp\/v2\/pages"}],"about":[{"href":"https:\/\/www.adsservicesmerkatic.com\/index.php\/wp-json\/wp\/v2\/types\/page"}],"author":[{"embeddable":true,"href":"https:\/\/www.adsservicesmerkatic.com\/index.php\/wp-json\/wp\/v2\/users\/1"}],"replies":[{"embeddable":true,"href":"https:\/\/www.adsservicesmerkatic.com\/index.php\/wp-json\/wp\/v2\/comments?post=79"}],"version-history":[{"count":21,"href":"https:\/\/www.adsservicesmerkatic.com\/index.php\/wp-json\/wp\/v2\/pages\/79\/revisions"}],"predecessor-version":[{"id":524,"href":"https:\/\/www.adsservicesmerkatic.com\/index.php\/wp-json\/wp\/v2\/pages\/79\/revisions\/524"}],"up":[{"embeddable":true,"href":"https:\/\/www.adsservicesmerkatic.com\/index.php\/wp-json\/wp\/v2\/pages\/75"}],"wp:attachment":[{"href":"https:\/\/www.adsservicesmerkatic.com\/index.php\/wp-json\/wp\/v2\/media?parent=79"}],"curies":[{"name":"wp","href":"https:\/\/api.w.org\/{rel}","templated":true}]}}