{"id":81,"date":"2015-11-30T13:20:52","date_gmt":"2015-11-30T12:20:52","guid":{"rendered":"http:\/\/www.adsservicesmerkatic.com\/?page_id=81"},"modified":"2015-12-14T14:42:18","modified_gmt":"2015-12-14T13:42:18","slug":"fiabilite-des-informations","status":"publish","type":"page","link":"https:\/\/www.adsservicesmerkatic.com\/index.php\/notre-mission\/enquetes-quantitatives\/fiabilite-des-informations\/","title":{"rendered":"FIABILIT\u00c9 DES INFORMATIONS"},"content":{"rendered":"<p><\/p>\n<h3 style=\"text-align: justify;\"><span style=\"color: #008000;\"><b>SECURITE<\/b><\/span><\/h3>\n<ul style=\"text-align: justify;\">\n<li>Supervision: 100% du travail de chaque enqu\u00eateur.<\/li>\n<li>Contr\u00f4le Qualit\u00e9: 100% des interviews de chaque enqu\u00eateur.<\/li>\n<li>Surveillance quotidienne des quotas.<b><\/b><\/li>\n<\/ul>\n<h3 style=\"text-align: justify;\"><span style=\"color: #3366ff;\"><b>MULTIPLES<\/b> <b>BACK<\/b> <b>CHECK<\/b><\/span><\/h3>\n<ul style=\"text-align: justify;\">\n<li>Le Back Check des 60% de tous les entretiens r\u00e9alis\u00e9s dont les 20% par t\u00e9l\u00e9phone et 40% par visites personnelles par l\u2019\u00e9quipe Contr\u00f4le de qualit\u00e9, pour un contre enqu\u00eate.<\/li>\n<\/ul>\n<h3 style=\"text-align: justify;\"><span style=\"color: #008000;\"><b>VALIDATION<\/b><\/span><\/h3>\n<ul>\n<li style=\"text-align: justify;\">Rapport de l\u2019\u00e9quipe contr\u00f4le de qualit\u00e9,<\/li>\n<li style=\"text-align: justify;\">Rapport Terrain des superviseurs,<\/li>\n<li style=\"text-align: justify;\">Rapport du Project Manager<\/li>\n<\/ul>\n<p><\/p>","protected":false},"excerpt":{"rendered":"<p>SECURITE Supervision: 100% du travail de chaque enqu\u00eateur. Contr\u00f4le Qualit\u00e9: 100% des interviews de chaque enqu\u00eateur. Surveillance quotidienne des quotas. MULTIPLES BACK CHECK Le Back Check des 60% de tous les entretiens r\u00e9alis\u00e9s dont les 20% par t\u00e9l\u00e9phone et 40% par visites personnelles par l\u2019\u00e9quipe Contr\u00f4le de qualit\u00e9, pour un contre enqu\u00eate. VALIDATION Rapport de [&hellip;]<\/p>\n","protected":false},"author":1,"featured_media":0,"parent":75,"menu_order":2,"comment_status":"closed","ping_status":"closed","template":"","meta":[],"_links":{"self":[{"href":"https:\/\/www.adsservicesmerkatic.com\/index.php\/wp-json\/wp\/v2\/pages\/81"}],"collection":[{"href":"https:\/\/www.adsservicesmerkatic.com\/index.php\/wp-json\/wp\/v2\/pages"}],"about":[{"href":"https:\/\/www.adsservicesmerkatic.com\/index.php\/wp-json\/wp\/v2\/types\/page"}],"author":[{"embeddable":true,"href":"https:\/\/www.adsservicesmerkatic.com\/index.php\/wp-json\/wp\/v2\/users\/1"}],"replies":[{"embeddable":true,"href":"https:\/\/www.adsservicesmerkatic.com\/index.php\/wp-json\/wp\/v2\/comments?post=81"}],"version-history":[{"count":7,"href":"https:\/\/www.adsservicesmerkatic.com\/index.php\/wp-json\/wp\/v2\/pages\/81\/revisions"}],"predecessor-version":[{"id":526,"href":"https:\/\/www.adsservicesmerkatic.com\/index.php\/wp-json\/wp\/v2\/pages\/81\/revisions\/526"}],"up":[{"embeddable":true,"href":"https:\/\/www.adsservicesmerkatic.com\/index.php\/wp-json\/wp\/v2\/pages\/75"}],"wp:attachment":[{"href":"https:\/\/www.adsservicesmerkatic.com\/index.php\/wp-json\/wp\/v2\/media?parent=81"}],"curies":[{"name":"wp","href":"https:\/\/api.w.org\/{rel}","templated":true}]}}