{"id":85,"date":"2015-11-30T13:26:17","date_gmt":"2015-11-30T12:26:17","guid":{"rendered":"http:\/\/www.adsservicesmerkatic.com\/?page_id=85"},"modified":"2015-12-14T14:49:00","modified_gmt":"2015-12-14T13:49:00","slug":"saisie-de-donnees","status":"publish","type":"page","link":"https:\/\/www.adsservicesmerkatic.com\/index.php\/notre-mission\/saisie-de-donnees\/","title":{"rendered":"SAISIE DE DONN\u00c9ES"},"content":{"rendered":"<p><\/p>\n<p style=\"text-align: justify;\">Nous mettons \u00e0 votre disposition de solides \u00e9quipes pour la r\u00e9alisation des missions ou projets que vous nous confi\u00e9s, afin de vous fournir des services de qualit\u00e9s et fiables.<\/p>\n<h3><span style=\"color: #3366ff;\"><b>OPERATION DE SAISIE<\/b><\/span><\/h3>\n<ul>\n<li style=\"text-align: justify;\">L\u2019op\u00e9ratrice de saisie est une sp\u00e9cialiste du clavier d\u2019ordinateur. Elle saisit des documents ou des donn\u00e9es, manuscrits ou enregistr\u00e9s ou des informations destin\u00e9es \u00e0 alimenter des bases de donn\u00e9es sur un micro-ordinateur.<\/li>\n<li style=\"text-align: justify;\">Nos Op\u00e9ratrices de saisie sont s\u00e9lectionn\u00e9es \u00e0 base d\u2019un niveau minimum d\u2019\u00e9tude universitaire* et de comp\u00e9tences particuli\u00e8res en informatique et en saisie,<\/li>\n<li style=\"text-align: justify;\">Nos Op\u00e9ratrices de saisie sont form\u00e9es pour la bonne compr\u00e9hension de la m\u00e9thodologie \u00e0 appliquer et pour s\u2019impr\u00e9gner du masque de saisie ou du support en ligne.<\/li>\n<li style=\"text-align: justify;\">Nos Op\u00e9ratrices de saisie travaillent en interne dans nos locaux avec des \u00e9quipements informatiques performants sur un r\u00e9seau s\u00e9curis\u00e9.<\/li>\n<li style=\"text-align: justify;\">Toutes les donn\u00e9es saisies sont s\u00e9curis\u00e9es pour respecter leur confidentialit\u00e9.<\/li>\n<\/ul>\n<p><\/p>","protected":false},"excerpt":{"rendered":"<p>Nous mettons \u00e0 votre disposition de solides \u00e9quipes pour la r\u00e9alisation des missions ou projets que vous nous confi\u00e9s, afin de vous fournir des services de qualit\u00e9s et fiables. OPERATION DE SAISIE L\u2019op\u00e9ratrice de saisie est une sp\u00e9cialiste du clavier d\u2019ordinateur. Elle saisit des documents ou des donn\u00e9es, manuscrits ou enregistr\u00e9s ou des informations destin\u00e9es [&hellip;]<\/p>\n","protected":false},"author":1,"featured_media":0,"parent":73,"menu_order":3,"comment_status":"closed","ping_status":"closed","template":"","meta":[],"_links":{"self":[{"href":"https:\/\/www.adsservicesmerkatic.com\/index.php\/wp-json\/wp\/v2\/pages\/85"}],"collection":[{"href":"https:\/\/www.adsservicesmerkatic.com\/index.php\/wp-json\/wp\/v2\/pages"}],"about":[{"href":"https:\/\/www.adsservicesmerkatic.com\/index.php\/wp-json\/wp\/v2\/types\/page"}],"author":[{"embeddable":true,"href":"https:\/\/www.adsservicesmerkatic.com\/index.php\/wp-json\/wp\/v2\/users\/1"}],"replies":[{"embeddable":true,"href":"https:\/\/www.adsservicesmerkatic.com\/index.php\/wp-json\/wp\/v2\/comments?post=85"}],"version-history":[{"count":8,"href":"https:\/\/www.adsservicesmerkatic.com\/index.php\/wp-json\/wp\/v2\/pages\/85\/revisions"}],"predecessor-version":[{"id":529,"href":"https:\/\/www.adsservicesmerkatic.com\/index.php\/wp-json\/wp\/v2\/pages\/85\/revisions\/529"}],"up":[{"embeddable":true,"href":"https:\/\/www.adsservicesmerkatic.com\/index.php\/wp-json\/wp\/v2\/pages\/73"}],"wp:attachment":[{"href":"https:\/\/www.adsservicesmerkatic.com\/index.php\/wp-json\/wp\/v2\/media?parent=85"}],"curies":[{"name":"wp","href":"https:\/\/api.w.org\/{rel}","templated":true}]}}