{"id":94,"date":"2015-11-30T13:42:35","date_gmt":"2015-11-30T12:42:35","guid":{"rendered":"http:\/\/www.adsservicesmerkatic.com\/?page_id=94"},"modified":"2021-09-25T16:44:26","modified_gmt":"2021-09-25T15:44:26","slug":"organigramme","status":"publish","type":"page","link":"https:\/\/www.adsservicesmerkatic.com\/index.php\/qui-sommes-nous\/organigramme\/","title":{"rendered":"ORGANIGRAMME"},"content":{"rendered":"\t\t<div data-elementor-type=\"wp-page\" data-elementor-id=\"94\" class=\"elementor elementor-94\" data-elementor-settings=\"[]\">\n\t\t\t\t\t\t<div class=\"elementor-inner\">\n\t\t\t\t\t\t\t<div class=\"elementor-section-wrap\">\n\t\t\t\t\t\t\t<section class=\"elementor-section elementor-top-section elementor-element elementor-element-7495ae62 elementor-section-stretched elementor-section-height-full elementor-section-content-top elementor-section-boxed elementor-section-height-default elementor-section-items-middle\" data-id=\"7495ae62\" data-element_type=\"section\" data-settings=\"{&quot;background_background&quot;:&quot;classic&quot;,&quot;stretch_section&quot;:&quot;section-stretched&quot;}\">\n\t\t\t\t\t\t\t<div class=\"elementor-background-overlay\"><\/div>\n\t\t\t\t\t\t\t<div class=\"elementor-container elementor-column-gap-extended\">\n\t\t\t\t\t\t\t<div class=\"elementor-row\">\n\t\t\t\t\t<div class=\"elementor-column elementor-col-100 elementor-top-column elementor-element elementor-element-7ee24737\" data-id=\"7ee24737\" data-element_type=\"column\" data-settings=\"{&quot;background_background&quot;:&quot;classic&quot;}\">\n\t\t\t<div class=\"elementor-column-wrap elementor-element-populated\">\n\t\t\t\t\t\t\t<div class=\"elementor-widget-wrap\">\n\t\t\t\t\t\t<div class=\"elementor-element elementor-element-1f3b9a17 elementor-widget elementor-widget-heading\" data-id=\"1f3b9a17\" data-element_type=\"widget\" data-widget_type=\"heading.default\">\n\t\t\t\t<div class=\"elementor-widget-container\">\n\t\t\t<h4 class=\"elementor-heading-title elementor-size-small\">ORGANIGRAMME<\/h4>\t\t<\/div>\n\t\t\t\t<\/div>\n\t\t\t\t<div class=\"elementor-element elementor-element-eff5bf0 elementor-widget elementor-widget-image\" data-id=\"eff5bf0\" data-element_type=\"widget\" data-widget_type=\"image.default\">\n\t\t\t\t<div class=\"elementor-widget-container\">\n\t\t\t\t\t\t\t\t<div class=\"elementor-image\">\n\t\t\t\t\t\t\t\t\t<figure class=\"wp-caption\">\n\t\t\t\t\t\t\t\t\t\t\t<a href=\"https:\/\/www.adsservicesmerkatic.com\/wp-content\/uploads\/2015\/11\/Capture.png\" data-elementor-open-lightbox=\"yes\">\n\t\t\t\t\t\t\t<img src=\"https:\/\/www.adsservicesmerkatic.com\/wp-content\/uploads\/2015\/11\/Capture.png\" title=\"\" alt=\"\" \/>\t\t\t\t\t\t\t\t<\/a>\n\t\t\t\t\t\t\t\t\t\t\t<figcaption class=\"widget-image-caption wp-caption-text\"><\/figcaption>\n\t\t\t\t\t\t\t\t\t\t<\/figure>\n\t\t\t\t\t\t\t\t<\/div>\n\t\t\t\t\t\t<\/div>\n\t\t\t\t<\/div>\n\t\t\t\t\t\t<\/div>\n\t\t\t\t\t<\/div>\n\t\t<\/div>\n\t\t\t\t\t\t\t\t<\/div>\n\t\t\t\t\t<\/div>\n\t\t<\/section>\n\t\t\t\t<section class=\"elementor-section elementor-top-section elementor-element elementor-element-40d670a2 elementor-section-stretched elementor-section-boxed elementor-section-height-default elementor-section-height-default\" data-id=\"40d670a2\" data-element_type=\"section\" data-settings=\"{&quot;stretch_section&quot;:&quot;section-stretched&quot;}\">\n\t\t\t\t\t\t<div class=\"elementor-container elementor-column-gap-default\">\n\t\t\t\t\t\t\t<div class=\"elementor-row\">\n\t\t\t\t\t<div class=\"elementor-column elementor-col-100 elementor-top-column elementor-element elementor-element-52f0b9cb\" data-id=\"52f0b9cb\" data-element_type=\"column\">\n\t\t\t<div class=\"elementor-column-wrap elementor-element-populated\">\n\t\t\t\t\t\t\t<div class=\"elementor-widget-wrap\">\n\t\t\t\t\t\t<div class=\"elementor-element elementor-element-612e76ee elementor-widget elementor-widget-heading\" data-id=\"612e76ee\" data-element_type=\"widget\" data-widget_type=\"heading.default\">\n\t\t\t\t<div class=\"elementor-widget-container\">\n\t\t\t<h3 class=\"elementor-heading-title elementor-size-large\">processus de fonctionnement\n<\/h3>\t\t<\/div>\n\t\t\t\t<\/div>\n\t\t\t\t<div class=\"elementor-element elementor-element-75660a8c elementor-widget-divider--view-line_text elementor-widget-divider--element-align-center elementor-widget elementor-widget-divider\" data-id=\"75660a8c\" data-element_type=\"widget\" data-widget_type=\"divider.default\">\n\t\t\t\t<div class=\"elementor-widget-container\">\n\t\t\t\t\t<div class=\"elementor-divider\">\n\t\t\t<span class=\"elementor-divider-separator\">\n\t\t\t\t\t\t\t<span class=\"elementor-divider__text elementor-divider__element\">\n\t\t\t\tADS SERVICES & MERKATIC\t\t\t\t<\/span>\n\t\t\t\t\t\t<\/span>\n\t\t<\/div>\n\t\t\t\t<\/div>\n\t\t\t\t<\/div>\n\t\t\t\t<section class=\"elementor-section elementor-inner-section elementor-element elementor-element-4e124c7c elementor-section-boxed elementor-section-height-default elementor-section-height-default\" data-id=\"4e124c7c\" data-element_type=\"section\">\n\t\t\t\t\t\t<div class=\"elementor-container elementor-column-gap-wider\">\n\t\t\t\t\t\t\t<div class=\"elementor-row\">\n\t\t\t\t\t<div class=\"elementor-column elementor-col-50 elementor-inner-column elementor-element elementor-element-5f15950b\" data-id=\"5f15950b\" data-element_type=\"column\">\n\t\t\t<div class=\"elementor-column-wrap elementor-element-populated\">\n\t\t\t\t\t\t\t<div class=\"elementor-widget-wrap\">\n\t\t\t\t\t\t<div class=\"elementor-element elementor-element-775d1c81 elementor-position-left elementor-vertical-align-middle elementor-widget elementor-widget-image-box\" data-id=\"775d1c81\" data-element_type=\"widget\" data-widget_type=\"image-box.default\">\n\t\t\t\t<div class=\"elementor-widget-container\">\n\t\t\t<div class=\"elementor-image-box-wrapper\"><figure class=\"elementor-image-box-img\"><img width=\"128\" height=\"128\" src=\"https:\/\/www.adsservicesmerkatic.com\/wp-content\/uploads\/2021\/08\/1470399662_Marketing.png\" class=\"attachment-full size-full\" alt=\"\" loading=\"lazy\" \/><\/figure><div class=\"elementor-image-box-content\"><h3 class=\"elementor-image-box-title\">Project Manager:<\/h3><p class=\"elementor-image-box-description\">\nCharg\u00e9 d\u2019\u00e9tudes quantitatives: 4 Sp\u00e9cialistes, Bac+3, 5ans d'exp\u00e9riences.\nCharg\u00e9 d\u2019\u00e9tudes qualitatives:   2 Sp\u00e9cialistes, Bac+3: 5ans d\u2019exp\u00e9riences.<\/p><\/div><\/div>\t\t<\/div>\n\t\t\t\t<\/div>\n\t\t\t\t<div class=\"elementor-element elementor-element-14bd3a1f elementor-position-left elementor-vertical-align-middle elementor-widget elementor-widget-image-box\" data-id=\"14bd3a1f\" data-element_type=\"widget\" data-widget_type=\"image-box.default\">\n\t\t\t\t<div class=\"elementor-widget-container\">\n\t\t\t<div class=\"elementor-image-box-wrapper\"><figure class=\"elementor-image-box-img\"><img width=\"128\" height=\"128\" src=\"https:\/\/www.adsservicesmerkatic.com\/wp-content\/uploads\/2021\/08\/1470399671_SEO.png\" class=\"attachment-full size-full\" alt=\"\" loading=\"lazy\" \/><\/figure><div class=\"elementor-image-box-content\"><h3 class=\"elementor-image-box-title\">Field Manager:<\/h3><p class=\"elementor-image-box-description\">\nCharg\u00e9 de la partie terrain: 4 Sp\u00e9cialistes, Bac+2, 5 ans d\u2019exp\u00e9riences.<\/p><\/div><\/div>\t\t<\/div>\n\t\t\t\t<\/div>\n\t\t\t\t\t\t<\/div>\n\t\t\t\t\t<\/div>\n\t\t<\/div>\n\t\t\t\t<div class=\"elementor-column elementor-col-50 elementor-inner-column elementor-element elementor-element-132dad24\" data-id=\"132dad24\" data-element_type=\"column\">\n\t\t\t<div class=\"elementor-column-wrap elementor-element-populated\">\n\t\t\t\t\t\t\t<div class=\"elementor-widget-wrap\">\n\t\t\t\t\t\t<div class=\"elementor-element elementor-element-30b83915 elementor-position-left elementor-vertical-align-middle elementor-widget elementor-widget-image-box\" data-id=\"30b83915\" data-element_type=\"widget\" data-widget_type=\"image-box.default\">\n\t\t\t\t<div class=\"elementor-widget-container\">\n\t\t\t<div class=\"elementor-image-box-wrapper\"><figure class=\"elementor-image-box-img\"><img width=\"128\" height=\"128\" src=\"https:\/\/www.adsservicesmerkatic.com\/wp-content\/uploads\/2021\/08\/1470399674_App_Development.png\" class=\"attachment-full size-full\" alt=\"\" loading=\"lazy\" \/><\/figure><div class=\"elementor-image-box-content\"><h3 class=\"elementor-image-box-title\">Equipe de Contr\u00f4le qualit\u00e9<\/h3><p class=\"elementor-image-box-description\">Superviseurs: 5 Personnes, Bac+3, 5 ans d\u2019exp\u00e9riences.<\/p><\/div><\/div>\t\t<\/div>\n\t\t\t\t<\/div>\n\t\t\t\t<div class=\"elementor-element elementor-element-75db802f elementor-position-left elementor-vertical-align-middle elementor-widget elementor-widget-image-box\" data-id=\"75db802f\" data-element_type=\"widget\" data-widget_type=\"image-box.default\">\n\t\t\t\t<div class=\"elementor-widget-container\">\n\t\t\t<div class=\"elementor-image-box-wrapper\"><figure class=\"elementor-image-box-img\"><img width=\"128\" height=\"128\" src=\"https:\/\/www.adsservicesmerkatic.com\/wp-content\/uploads\/2021\/08\/1470399715_E-Commerce.png\" class=\"attachment-full size-full\" alt=\"\" loading=\"lazy\" \/><\/figure><div class=\"elementor-image-box-content\"><h3 class=\"elementor-image-box-title\">Enqu\u00eateurs\/Enqu\u00eatrices:<\/h3><p class=\"elementor-image-box-description\">\nUne \u00e9quipe de quarante \u00e9tudiants, tous exp\u00e9riment\u00e9s dans le domaine des enqu\u00eates, des sondages, des mystery shopping, des tests produits, etc. Bac+2ans,<\/p><\/div><\/div>\t\t<\/div>\n\t\t\t\t<\/div>\n\t\t\t\t\t\t<\/div>\n\t\t\t\t\t<\/div>\n\t\t<\/div>\n\t\t\t\t\t\t\t\t<\/div>\n\t\t\t\t\t<\/div>\n\t\t<\/section>\n\t\t\t\t<div class=\"elementor-element elementor-element-624734d7 elementor-position-left elementor-vertical-align-middle elementor-widget elementor-widget-image-box\" data-id=\"624734d7\" data-element_type=\"widget\" data-widget_type=\"image-box.default\">\n\t\t\t\t<div class=\"elementor-widget-container\">\n\t\t\t<div class=\"elementor-image-box-wrapper\"><figure class=\"elementor-image-box-img\"><img width=\"128\" height=\"128\" src=\"https:\/\/www.adsservicesmerkatic.com\/wp-content\/uploads\/2021\/08\/1470399667_Newsletter.png\" class=\"attachment-full size-full\" alt=\"\" loading=\"lazy\" \/><\/figure><div class=\"elementor-image-box-content\"><h3 class=\"elementor-image-box-title\">Op\u00e9ratrices de Saisie:<\/h3><p class=\"elementor-image-box-description\">\nUne \u00e9quipe d\u2019une dizaine de personnes, toutes exp\u00e9riment\u00e9es dans la saisie de donn\u00e9es. Niveau requis Bac+2, 3 ans d\u2019exp\u00e9riences.<\/p><\/div><\/div>\t\t<\/div>\n\t\t\t\t<\/div>\n\t\t\t\t\t\t<\/div>\n\t\t\t\t\t<\/div>\n\t\t<\/div>\n\t\t\t\t\t\t\t\t<\/div>\n\t\t\t\t\t<\/div>\n\t\t<\/section>\n\t\t\t\t\t\t<\/div>\n\t\t\t\t\t\t<\/div>\n\t\t\t\t\t<\/div>\n\t\t","protected":false},"excerpt":{"rendered":"<p>ORGANIGRAMME processus de fonctionnement ADS SERVICES &#038; MERKATIC Project Manager: Charg\u00e9 d\u2019\u00e9tudes quantitatives: 4 Sp\u00e9cialistes, Bac+3, 5ans d&rsquo;exp\u00e9riences. Charg\u00e9 d\u2019\u00e9tudes qualitatives: 2 Sp\u00e9cialistes, Bac+3: 5ans d\u2019exp\u00e9riences. Field Manager: Charg\u00e9 de la partie terrain: 4 Sp\u00e9cialistes, Bac+2, 5 ans d\u2019exp\u00e9riences. Equipe de Contr\u00f4le qualit\u00e9 Superviseurs: 5 Personnes, Bac+3, 5 ans d\u2019exp\u00e9riences. Enqu\u00eateurs\/Enqu\u00eatrices: Une \u00e9quipe de quarante [&hellip;]<\/p>\n","protected":false},"author":1,"featured_media":0,"parent":71,"menu_order":2,"comment_status":"closed","ping_status":"closed","template":"","meta":[],"_links":{"self":[{"href":"https:\/\/www.adsservicesmerkatic.com\/index.php\/wp-json\/wp\/v2\/pages\/94"}],"collection":[{"href":"https:\/\/www.adsservicesmerkatic.com\/index.php\/wp-json\/wp\/v2\/pages"}],"about":[{"href":"https:\/\/www.adsservicesmerkatic.com\/index.php\/wp-json\/wp\/v2\/types\/page"}],"author":[{"embeddable":true,"href":"https:\/\/www.adsservicesmerkatic.com\/index.php\/wp-json\/wp\/v2\/users\/1"}],"replies":[{"embeddable":true,"href":"https:\/\/www.adsservicesmerkatic.com\/index.php\/wp-json\/wp\/v2\/comments?post=94"}],"version-history":[{"count":44,"href":"https:\/\/www.adsservicesmerkatic.com\/index.php\/wp-json\/wp\/v2\/pages\/94\/revisions"}],"predecessor-version":[{"id":1839,"href":"https:\/\/www.adsservicesmerkatic.com\/index.php\/wp-json\/wp\/v2\/pages\/94\/revisions\/1839"}],"up":[{"embeddable":true,"href":"https:\/\/www.adsservicesmerkatic.com\/index.php\/wp-json\/wp\/v2\/pages\/71"}],"wp:attachment":[{"href":"https:\/\/www.adsservicesmerkatic.com\/index.php\/wp-json\/wp\/v2\/media?parent=94"}],"curies":[{"name":"wp","href":"https:\/\/api.w.org\/{rel}","templated":true}]}}